{"id":1910,"date":"2020-06-25T17:17:59","date_gmt":"2020-06-25T17:17:59","guid":{"rendered":"http:\/\/dabamotor.es\/?page_id=1910"},"modified":"2020-06-25T18:16:02","modified_gmt":"2020-06-25T18:16:02","slug":"aviso-legal","status":"publish","type":"page","link":"http:\/\/dabamotor.es\/index.php\/aviso-legal\/","title":{"rendered":"AVISO LEGAL"},"content":{"rendered":"\n<p>El propietario de esta p\u00e1gina web es DABA MOTOR, domicilio en V\u00eda Octaviana 65 bajos, 08430 Vilassar de Mar (Barcelona). La direcci\u00f3n electr\u00f3nica de la empresa es la siguiente: dabamotor@gmail.com. NIF es:38811953M. Responsable de la empresa es \u00d3scar ABAD. La actividad de la empresa es la reparaci\u00f3n, mantenimiento de veh\u00edculos.<\/p>\n\n\n\n<p><strong>Propiedad intelectual e industrial<\/strong><\/p>\n\n\n\n<p>El dise\u00f1o del portal y de sus c\u00f3digos-fuente, y tambi\u00e9n los logos, marcas y otros signos distintivos que aparecen en \u00e9ste pertenecen a la empresa titular de la p\u00e1gina, y est\u00e1n protegidos por los correspondientes derechos de propiedad intelectual e industrial. Asimismo, se informa que est\u00e1 prohibida la reproducci\u00f3n total o parcial de cualquier contenido publicado en este portal, sin la previa autorizaci\u00f3n de la entidad. De igual manera, los datos y los formularios que se puedan publicar en el sitio son propiedad de la empresa, y est\u00e1n protegidos por los correspondientes derechos de autor y\/o de propiedad intelectual.<\/p>\n\n\n\n<p><strong>Responsabilidad de los contenidos<\/strong><\/p>\n\n\n\n<p>DABA MOTOR no se hace responsable de la legalidad de otros sitios web de terceros desde los cuales se pueda acceder a su portal. La entidad se reserva el derecho a realizar cambios en el sitio web sin previo aviso, con el objetivo de mantener actualizada su informaci\u00f3n. La entidad no se har\u00e1 responsable del uso que hagan terceros de la informaci\u00f3n publicada en su portal. De igual manera, la empresa no ser\u00e1 responsable de las opiniones, comentarios, enlaces o fotograf\u00edas que terceros puedan colgar en las p\u00e1ginas de las redes sociales de Daba Motor, las cuales ya cuentan con sus propias medidas de seguridad y con sus propias normas de uso.<\/p>\n\n\n\n<p><strong>T\u00e9rminos y condiciones del uso de la p\u00e1gina<\/strong><\/p>\n\n\n\n<p>En esta p\u00e1gina web no es necesario crear una cuenta o darse de alta para acceder a ella o para navegar por sus distintas p\u00e1ginas.<\/p>\n\n\n\n<p><strong>Informaci\u00f3n sobre seguridad<\/strong><\/p>\n\n\n\n<p>Esta p\u00e1gina web cuenta con medidas de seguridad id\u00f3neas para evitar actos il\u00edcitos, tales como la introducci\u00f3n de virus, los ataques inform\u00e1ticos o la vulneraci\u00f3n de los derechos de protecci\u00f3n de datos. En cualquier caso, si a pesar de ello se produjera alg\u00fan incidente en la p\u00e1gina provocado por terceros, Daba Motor se reserva el derecho de acudir a la justicia ordinaria a trav\u00e9s de los procesos correspondientes para determinar las oportunas responsabilidades de quienes hubieran causado dichos incidentes o da\u00f1os.<\/p>\n","protected":false},"excerpt":{"rendered":"<p>El propietario de esta p\u00e1gina web es DABA MOTOR, domicilio en V\u00eda Octaviana 65 bajos, 08430 Vilassar de Mar (Barcelona). La direcci\u00f3n electr\u00f3nica de la empresa es la siguiente: dabamotor@gmail.com. NIF es:38811953M. Responsable de la empresa es \u00d3scar ABAD. La actividad de la empresa es la reparaci\u00f3n, mantenimiento de veh\u00edculos. Propiedad intelectual e industrial El<\/p>\n","protected":false},"author":1,"featured_media":0,"parent":0,"menu_order":0,"comment_status":"closed","ping_status":"closed","template":"","meta":[],"_links":{"self":[{"href":"http:\/\/dabamotor.es\/index.php\/wp-json\/wp\/v2\/pages\/1910"}],"collection":[{"href":"http:\/\/dabamotor.es\/index.php\/wp-json\/wp\/v2\/pages"}],"about":[{"href":"http:\/\/dabamotor.es\/index.php\/wp-json\/wp\/v2\/types\/page"}],"author":[{"embeddable":true,"href":"http:\/\/dabamotor.es\/index.php\/wp-json\/wp\/v2\/users\/1"}],"replies":[{"embeddable":true,"href":"http:\/\/dabamotor.es\/index.php\/wp-json\/wp\/v2\/comments?post=1910"}],"version-history":[{"count":4,"href":"http:\/\/dabamotor.es\/index.php\/wp-json\/wp\/v2\/pages\/1910\/revisions"}],"predecessor-version":[{"id":1930,"href":"http:\/\/dabamotor.es\/index.php\/wp-json\/wp\/v2\/pages\/1910\/revisions\/1930"}],"wp:attachment":[{"href":"http:\/\/dabamotor.es\/index.php\/wp-json\/wp\/v2\/media?parent=1910"}],"curies":[{"name":"wp","href":"https:\/\/api.w.org\/{rel}","templated":true}]}}