{"id":1915,"date":"2020-06-25T17:38:17","date_gmt":"2020-06-25T17:38:17","guid":{"rendered":"http:\/\/dabamotor.es\/?page_id=1915"},"modified":"2020-06-25T18:12:30","modified_gmt":"2020-06-25T18:12:30","slug":"politica-de-privacidad","status":"publish","type":"page","link":"http:\/\/dabamotor.es\/index.php\/politica-de-privacidad\/","title":{"rendered":"POL\u00cdTICA DE PRIVACIDAD"},"content":{"rendered":"\n<p><\/p>\n\n\n\n<p><strong>Informaci\u00f3n b\u00e1sica sobre protecci\u00f3n de datos<\/strong><br>A continuaci\u00f3n le informamos sobre la pol\u00edtica de protecci\u00f3n de datos de DABA MOTOR en cumplimiento de la nueva Ley Europea RGPD. Esta compa\u00f1\u00eda no vender\u00e1, ceder\u00e1 ni distribuir\u00e1 la informaci\u00f3n personal que es recopilada sin su consentimiento, salvo que sea requerido por un juez con un orden judicial. DABA MOTOR. est\u00e1 comprometido para cumplir con el compromiso de mantener su informaci\u00f3n segura. Usamos sistemas de seguridad y los actualizamos constantemente para asegurarnos que no exista ning\u00fan acceso no autorizado. Nuestro sitio web podr\u00e1 recoger informaci\u00f3n personal sobre su nombre, informaci\u00f3n de contacto: direcci\u00f3n de correo electr\u00f3nico y n\u00famero de tel\u00e9fono. As\u00ed mismo cuando sea necesario se requerir\u00e1 informaci\u00f3n espec\u00edfica para poder contactar con usted de manera m\u00e1s detallada y poder proporcionarle informaci\u00f3n en relaci\u00f3n a alg\u00fan presupuesto del servicio de reparaci\u00f3n, mantenimiento o personalizaci\u00f3n.<\/p>\n\n\n\n<p><strong>Responsable del tratamiento<\/strong><br>Empresa: \u00d3SCAR ABAD ORTEGA (DABA MOTOR)<br>Direcci\u00f3n: V\u00cdA OCTAVIANA 65 BAJOS, 08430 VILASSAR DE MAR (BCN)<br>Tel\u00e9fono: 937598180<br>Correo electr\u00f3nico: DABAMOTOR@GMAIL.COM<br>Los datos de car\u00e1cter personal que se pudieran recabar directamente del interesado ser\u00e1n tratados de forma confidencial y quedar\u00e1n incorporados a la correspondiente actividad de tratamiento titularidad de DABA MOTOR.<\/p>\n\n\n\n<p><strong>\u00bfCon qu\u00e9 finalidad se tratar\u00e1n los datos?<\/strong><br>DABA MOTOR  trata la informaci\u00f3n que nos facilit\u00e1is las personas interesadas con la finalidad de gestionar el servicio que os prestamos e informaros de nuestra actividad. Nuestro sitio web emplea la informaci\u00f3n con el fin de proporcionar el mejor servicio posible, particularmente para mantener un registro de usuarios y mantenerlos informados. Es posible que sean enviados correos electr\u00f3nicos a trav\u00e9s de nuestro sitio con algunas promociones, u otra informaci\u00f3n, que consideremos relevante para usted o que pueda brindarle alg\u00fan beneficio, estos correos electr\u00f3nicos ser\u00e1n enviados a la direcci\u00f3n que usted proporcione y podr\u00e1n ser cancelados en cualquier momento. Con vuestros datos, no elaboraremos perfiles comerciales ni tomaremos decisiones automatizadas sobre la base de vuestros datos.<\/p>\n\n\n\n<p><strong>\u00bfCu\u00e1nto tiempo conservaremos los datos?<\/strong><br>Los datos personales que nos proporcion\u00e9is a trav\u00e9s de nuestros formularios web, se conservar\u00e1n mientras se mantenga la relaci\u00f3n entre ambas partes, durante el plazo de prescripci\u00f3n de las obligaciones tributarias o legales, o hasta que nos solicit\u00e9is la supresi\u00f3n de los mismos. Una vez pasados estos plazos, los datos ser\u00e1n eliminados por borrado electr\u00f3nico y, los datos en formato papel, por destrucci\u00f3n en m\u00e1quina destructora.<\/p>\n\n\n\n<p><strong>\u00bfCu\u00e1l es la legitimaci\u00f3n para el tratamiento de vuestros datos?<\/strong><br>La base legal para el tratamiento de vuestros datos es de inter\u00e9s leg\u00edtimo del responsable del tratamiento, para los antiguos clientes o proveedores; relaci\u00f3n de tipo contractual, en el caso de clientes o solicitantes de informaci\u00f3n.<\/p>\n\n\n\n<p><strong>\u00bfA qu\u00e9 destinatarios se comunicar\u00e1n vuestros datos?<\/strong><br>Los datos personales no se comunicar\u00e1n a ninguna empresa ni se utilitzar\u00e1n para ninguna otra finalidad, excepto que nos lo autoric\u00e9is de forma expresa o cuando sea necesario para cumplir con una obligaci\u00f3n legal.<\/p>\n\n\n\n<p><strong>\u00bfCu\u00e1les son vuestros derechos?<\/strong><br>Cualquier persona tiene derecho a obtener informaci\u00f3n de esta empresa sobre si estamos tratando datos personales de ella o no. Las personas interesadas tienen derecho a acceder a sus datos personales, as\u00ed como a solicitar la rectificaci\u00f3n de los datos que sean inexactos o, si procede, solicitar la supresi\u00f3n, entre otros motivos, cuando los datos ya no sean necesarios para las finalidades para las que fueron recogidas. En determinadas circunstancias previstas en el art\u00edculo 18 del RGPD, los interesados pueden solicitar la limitaci\u00f3n del tratamiento de sus datos. En este caso, \u00fanicamente se conservar\u00e1n para ejercer o defender reclamaciones. Los interesados pueden oponerse al tratamiento de sus datos con finalidades de marketing o publicidad. En virtud del derecho a la portabilidad, los interesados tambi\u00e9n tienen derecho a obtener sus datos personales en un formato estructurado de uso com\u00fan y lectura mec\u00e1nica y a transmitirlos a otro responsable o empresa.<\/p>\n\n\n\n<p><strong>\u00bfComo se pueden ejercer estos derechos?<\/strong><br>Realizando un escrito dirigido a:<br>\u00d3SCAR ABAD ORTEGA (DABA MOTOR)<br>V\u00cdA OCTAVIANA 65 BAJOS<br>08430 VILASSAR DE MAR (BARCELONA)<br>Mediante  mail:<br>dabamotor@gmail.com<\/p>\n\n\n\n<p><strong>\u00bfQu\u00e9 otras v\u00edas de reclamaci\u00f3n hay?<\/strong><br>Si consider\u00e1is que vuestros derechos no han sido atendidos adecuadamente, ten\u00e9is derecho a presentar una reclamaci\u00f3n ante la Agencia Espa\u00f1ola de Protecci\u00f3n de Datos (AEPD).<\/p>\n","protected":false},"excerpt":{"rendered":"<p>Informaci\u00f3n b\u00e1sica sobre protecci\u00f3n de datosA continuaci\u00f3n le informamos sobre la pol\u00edtica de protecci\u00f3n de datos de DABA MOTOR en cumplimiento de la nueva Ley Europea RGPD. Esta compa\u00f1\u00eda no vender\u00e1, ceder\u00e1 ni distribuir\u00e1 la informaci\u00f3n personal que es recopilada sin su consentimiento, salvo que sea requerido por un juez con un orden judicial. DABA<\/p>\n","protected":false},"author":1,"featured_media":0,"parent":0,"menu_order":0,"comment_status":"closed","ping_status":"closed","template":"","meta":[],"_links":{"self":[{"href":"http:\/\/dabamotor.es\/index.php\/wp-json\/wp\/v2\/pages\/1915"}],"collection":[{"href":"http:\/\/dabamotor.es\/index.php\/wp-json\/wp\/v2\/pages"}],"about":[{"href":"http:\/\/dabamotor.es\/index.php\/wp-json\/wp\/v2\/types\/page"}],"author":[{"embeddable":true,"href":"http:\/\/dabamotor.es\/index.php\/wp-json\/wp\/v2\/users\/1"}],"replies":[{"embeddable":true,"href":"http:\/\/dabamotor.es\/index.php\/wp-json\/wp\/v2\/comments?post=1915"}],"version-history":[{"count":3,"href":"http:\/\/dabamotor.es\/index.php\/wp-json\/wp\/v2\/pages\/1915\/revisions"}],"predecessor-version":[{"id":1926,"href":"http:\/\/dabamotor.es\/index.php\/wp-json\/wp\/v2\/pages\/1915\/revisions\/1926"}],"wp:attachment":[{"href":"http:\/\/dabamotor.es\/index.php\/wp-json\/wp\/v2\/media?parent=1915"}],"curies":[{"name":"wp","href":"https:\/\/api.w.org\/{rel}","templated":true}]}}