{"id":203,"date":"2015-05-25T12:55:10","date_gmt":"2015-05-25T12:55:10","guid":{"rendered":"http:\/\/quanticalabs.com\/wptest\/carservice\/?page_id=203"},"modified":"2024-09-26T10:22:03","modified_gmt":"2024-09-26T10:22:03","slug":"about","status":"publish","type":"page","link":"https:\/\/dabamotor.es\/index.php\/about\/","title":{"rendered":"NUESTRA EMPRESA"},"content":{"rendered":"<p>[vc_row el_class=\u00bbmargin-top-70&#8243;][vc_column width=\u00bb1\/2&#8243;][vc_column_text]Empresa con m\u00e1s de 23 a\u00f1os de experiencia en el sector, <strong>fundada en el 2001,\u00a0 <\/strong>por \u00d3scar Abad Ortega.<\/p>\n<p>Nuestra principal actividad es la reparaci\u00f3n y el mantenimiento integral de todo tipo de veh\u00edculos. En el centro de dicha actividad siempre est\u00e1n nuestros clientes, buscar la mejor soluci\u00f3n para cada uno de ellos es nuestro mayor objetivo. Cada cliente necesita y requiere una soluci\u00f3n diferente, trabajamos cada d\u00eda para conseguir que esa soluci\u00f3n sea r\u00e1pida y de calidad.<\/p>\n<p>Atender con <strong>eficiencia, transparencia y profesionalidad<\/strong>, es lo que nos distingue y por eso nuestros clientes repiten y nos recomiendan.[\/vc_column_text]<h4 class=\" box-header margin-top-40\">PORQU\u00c9 NOSOTROS<\/h4><ul class=\"list margin-top-30\"><li class=\"template-bullet \"><span>Servicio profesional, completo y personalizado.<\/span><\/li><li class=\"template-bullet \"><span>Eficiencia y transparencia nos distinguen, por eso nuestros clientes nos escogen y nos recomiendan.<\/span><\/li><li class=\"template-bullet \"><span>Cualquier tipo de reparaci\u00f3n que necesite su veh\u00edculo para alargar su vida \u00fatil.<\/span><\/li><li class=\"template-bullet \"><span>Innovaci\u00f3n, tecnolog\u00eda y la mejor soluci\u00f3n para cada uno de nuestros clientes.<\/span><\/li><li class=\"template-bullet \"><span>Equipo formado por personas con una amplia experiencia en su campo.<\/span><\/li><\/ul>[vc_row_inner top_margin=\u00bbpage-margin-top\u00bb][vc_column_inner]<a class=\"more\" href=\"http:\/\/dabamotor.es\/index.php\/services\/\" title=\"SERVICIOS\"><span>SERVICIOS<\/span><\/a>[\/vc_column_inner][\/vc_row_inner][\/vc_column][vc_column width=\u00bb1\/2&#8243;][vc_single_image image=\u00bb1992&#8243; img_size=\u00bbgallery-thumb\u00bb onclick=\u00bbimg_link_large\u00bb el_class=\u00bbcs-lightbox\u00bb][vc_row_inner el_class=\u00bbmargin-top-30&#8243;][vc_column_inner width=\u00bb1\/2&#8243;][vc_single_image image=\u00bb924&#8243; img_size=\u00bbmedium-thumb\u00bb onclick=\u00bbimg_link_large\u00bb el_class=\u00bbcs-lightbox\u00bb][vc_column_text]<\/p>\n<p style=\"text-align: left;\">Garant\u00eda Nacional <strong>EuroTaller.<\/strong><\/p>\n<p><img loading=\"lazy\" class=\"alignnone size-medium wp-image-1873\" src=\"http:\/\/dabamotor.es\/wp-content\/uploads\/2020\/06\/LOGO-eurotaller-y-gn-1-300x88.png\" alt=\"GARANT\u00cdA NACIONAL EUROTALLER\" width=\"300\" height=\"88\" srcset=\"https:\/\/dabamotor.es\/wp-content\/uploads\/2020\/06\/LOGO-eurotaller-y-gn-1-300x88.png 300w, https:\/\/dabamotor.es\/wp-content\/uploads\/2020\/06\/LOGO-eurotaller-y-gn-1-768x225.png 768w, https:\/\/dabamotor.es\/wp-content\/uploads\/2020\/06\/LOGO-eurotaller-y-gn-1.png 802w\" sizes=\"(max-width: 300px) 100vw, 300px\" \/>[\/vc_column_text][\/vc_column_inner][vc_column_inner width=\u00bb1\/2&#8243;][vc_single_image image=\u00bb1996&#8243; img_size=\u00bbmedium-thumb\u00bb onclick=\u00bbimg_link_large\u00bb el_class=\u00bbcs-lightbox\u00bb][vc_column_text]<\/p>\n<p style=\"text-align: right;\">Colaborador <strong>LeasePlan, Alphabet, MoviStar Car<\/strong>.<\/p>\n<p><img loading=\"lazy\" class=\"size-medium wp-image-2204 aligncenter\" src=\"http:\/\/dabamotor.es\/wp-content\/uploads\/2021\/01\/leaseplan-y-movistar-car-ALPHABET-1-300x131.png\" alt=\"\" width=\"300\" height=\"131\" srcset=\"https:\/\/dabamotor.es\/wp-content\/uploads\/2021\/01\/leaseplan-y-movistar-car-ALPHABET-1-300x131.png 300w, https:\/\/dabamotor.es\/wp-content\/uploads\/2021\/01\/leaseplan-y-movistar-car-ALPHABET-1.png 539w\" sizes=\"(max-width: 300px) 100vw, 300px\" \/>[\/vc_column_text][\/vc_column_inner][\/vc_row_inner][\/vc_column][\/vc_row][vc_row type=\u00bbfull-width\u00bb top_margin=\u00bbpage-margin-top-section\u00bb el_class=\u00bbpadding-top-70 page-padding-top padding-bottom-66&#8243; css=\u00bb.vc_custom_1440581335043{background-color: #f5f5f5 !important;}\u00bb][vc_column][\/vc_column][\/vc_row][vc_row type=\u00bbfull-width cs-parallax\u00bb css=\u00bb.vc_custom_1441196548582{background-image: url(http:\/\/quanticalabs.com\/wptest\/carservice\/files\/2015\/05\/image_021.jpg?id=929) !important;}\u00bb el_class=\u00bbpadding-top-70 padding-bottom-66&#8243;][vc_column][vc_row_inner][vc_column_inner]<div class=\"testimonials-container type-big\"><a href=\"#\" class=\"slider-control left template-arrow-left-1\"><\/a><ul class=\"testimonials-list autoplay-0 pause_on_hover-1 scroll-1 effect-scroll easing-easeInOutQuint duration-500\"><li>\r\n\t\t\t\t\t<div class=\"hexagon small\"><div class=\"sl-small-pen\"><\/div><\/div>\r\n\t\t\t\t\t<p>\"Muy profesionales, buen asesoramiento, sin duda repetiremos y lo recomendamos\"<\/p>\r\n\t\t\t\t\t\r\n\t\t\t\t\t<div class=\"author-details-box\">\r\n\t\t\t\t\t<h6>Fam\u00edlia Mu\u00f1oz<\/h6>\r\n\t\t\t\t\t\r\n\t\t\t\t\t<\/div>\r\n\t\t\t\t<\/li><li>\r\n\t\t\t\t\t<div class=\"hexagon small\"><div class=\"sl-small-pen\"><\/div><\/div>\r\n\t\t\t\t\t<p>\"Durante muchos a\u00f1os ha sido y es el taller mi taller de confianza, se que mi veh\u00edculo est\u00e1 en buenas manos\"<\/p>\r\n\t\t\t\t\t\r\n\t\t\t\t\t<div class=\"author-details-box\">\r\n\t\t\t\t\t<h6>Anna Torrents Ortega<\/h6>\r\n\t\t\t\t\t\r\n\t\t\t\t\t<\/div>\r\n\t\t\t\t<\/li><li>\r\n\t\t\t\t\t<div class=\"hexagon small\"><div class=\"sl-small-pen\"><\/div><\/div>\r\n\t\t\t\t\t<p>\"Buen Servicio, educados, profesionales y se adaptan a tus necesidades\"<\/p>\r\n\t\t\t\t\t\r\n\t\t\t\t\t<div class=\"author-details-box\">\r\n\t\t\t\t\t<h6>Luisa Mart\u00edn Carrasco<\/h6>\r\n\t\t\t\t\t\r\n\t\t\t\t\t<\/div>\r\n\t\t\t\t<\/li><\/ul><a href=\"#\" class=\"slider-control right template-arrow-left-1\"><\/a><\/div>[\/vc_column_inner][\/vc_row_inner][\/vc_column][\/vc_row][vc_row top_margin=\u00bbpage-margin-top-section\u00bb el_class=\u00bbpadding-bottom-66&#8243;][vc_column][vc_row_inner top_margin=\u00bbpage-margin-top-section\u00bb][vc_column_inner width=\u00bb1\/3&#8243;]<div class=\"feature-item\"><h5>CAR AUDIO SERVICE<\/h5><div class=\"icon sl-small-car-audio\"><\/div><p>Todo tipo de sistemas de audio personalizado, pantallas multimedia, navegadores, detectores radar, etc<\/p><\/div><div class=\"feature-item\"><h5>AIRE ACONDICIONADO<\/h5><div class=\"icon sl-small-air-conditioning\"><\/div><p>Cargas de Aire Acondicionado y reparaci\u00f3n.<\/p><\/div>[\/vc_column_inner][vc_column_inner width=\u00bb1\/3&#8243;]<div class=\"feature-item\"><h5>MANTENIMIENTO \/ CAMBIO DE ACEITE<\/h5><div class=\"icon sl-small-car-oil\"><\/div><p>Para el buen funcionamiento y cuidado de su coche, es imprescindible tener todas las revisiones al d\u00eda. Ahorrar\u00e1s cualquier tipo de aver\u00eda.<\/p><\/div><div class=\"feature-item\"><h5>SENSORES DE ESTACIONAMIENTO<\/h5><div class=\"icon sl-small-parking-sensor\"><\/div><p>Si t\u00fa coche no tiene sensores de aparcamiento, te asesoramos del mejor kit y te lo montamos.<\/p><\/div>[\/vc_column_inner][vc_column_inner width=\u00bb1\/3&#8243;]<div class=\"feature-item\"><h5>DIAGNOSIS-ELECTRICIDAD<\/h5><div class=\"icon sl-small-signal-warning\"><\/div><p>Reparaci\u00f3n de unidades de mando, cuadros, centralitas electr\u00f3nicas, unidades de ABS, BSI, inmovilizadores, direcciones el\u00e9ctricas, etc.<\/p><\/div><div class=\"feature-item\"><h5>\u00bfPORQU\u00c9 CAMBIAR LA BATER\u00cdA DE TU COCHE?<\/h5><div class=\"icon sl-small-car-battery\"><\/div><p>Una bater\u00eda gastada dificulta el arranque del veh\u00edculo, llegando a provocar una aver\u00eda que imposibilite todo el encendido del mismo. La bater\u00eda es un elemento sensible a los cambios de temperatura, cuando una bater\u00eda est\u00e1 gastada no resiste temperaturas elevadas ni bajas.<\/p><\/div>[\/vc_column_inner][\/vc_row_inner][\/vc_column][\/vc_row]<\/p>\n","protected":false},"excerpt":{"rendered":"<p>[vc_row el_class=\u00bbmargin-top-70&#8243;][vc_column width=\u00bb1\/2&#8243;][vc_column_text]Empresa con m\u00e1s de 23 a\u00f1os de experiencia en el sector, fundada en el 2001,\u00a0 por \u00d3scar Abad Ortega. Nuestra principal actividad es la reparaci\u00f3n y el mantenimiento integral de todo tipo de veh\u00edculos. En el centro de dicha actividad siempre est\u00e1n nuestros clientes, buscar la mejor soluci\u00f3n para cada uno de ellos<\/p>\n","protected":false},"author":1,"featured_media":0,"parent":0,"menu_order":0,"comment_status":"closed","ping_status":"open","template":"","meta":[],"_links":{"self":[{"href":"https:\/\/dabamotor.es\/index.php\/wp-json\/wp\/v2\/pages\/203"}],"collection":[{"href":"https:\/\/dabamotor.es\/index.php\/wp-json\/wp\/v2\/pages"}],"about":[{"href":"https:\/\/dabamotor.es\/index.php\/wp-json\/wp\/v2\/types\/page"}],"author":[{"embeddable":true,"href":"https:\/\/dabamotor.es\/index.php\/wp-json\/wp\/v2\/users\/1"}],"replies":[{"embeddable":true,"href":"https:\/\/dabamotor.es\/index.php\/wp-json\/wp\/v2\/comments?post=203"}],"version-history":[{"count":21,"href":"https:\/\/dabamotor.es\/index.php\/wp-json\/wp\/v2\/pages\/203\/revisions"}],"predecessor-version":[{"id":2239,"href":"https:\/\/dabamotor.es\/index.php\/wp-json\/wp\/v2\/pages\/203\/revisions\/2239"}],"wp:attachment":[{"href":"https:\/\/dabamotor.es\/index.php\/wp-json\/wp\/v2\/media?parent=203"}],"curies":[{"name":"wp","href":"https:\/\/api.w.org\/{rel}","templated":true}]}}