{"id":4,"date":"2015-05-08T13:22:48","date_gmt":"2015-05-08T13:22:48","guid":{"rendered":"http:\/\/quanticalabs.com\/wptest\/carservice\/?page_id=4"},"modified":"2024-09-26T10:25:23","modified_gmt":"2024-09-26T10:25:23","slug":"home","status":"publish","type":"page","link":"https:\/\/dabamotor.es\/","title":{"rendered":"INICIO"},"content":{"rendered":"<p>[vc_row type=\u00bbfull-width\u00bb][vc_column][rev_slider_vc alias=\u00bbmain\u00bb][\/vc_column][\/vc_row][vc_row type=\u00bbfull-width\u00bb css=\u00bb.vc_custom_1439892689981{background-color: #f5f5f5 !important;}\u00bb][vc_column]<div class=\"announcement clearfix\">\r\n\t\t\t\t\t<div class=\"vc_row wpb_row vc_row-fluid\">\r\n\t\t\t\t\t\t<div class=\"vc_col-sm-8 wpb_column vc_column_container\">\r\n\t\t\t\t\t\t\t<div class=\"vertical-align\">\r\n\t\t\t\t\t\t\t\t<div class=\"vertical-align-cell\">\r\n\t\t\t\t\t\t\t\t\t<h3>LA MEJOR SOLUCI\u00d3N PARA NUESTROS CLIENTES<\/h3>\r\n\t\t\t\t\t\t\t\t<\/div>\r\n\t\t\t\t\t\t\t<\/div>\r\n\t\t\t\t\t\t<\/div><div class=\"vc_col-sm-4 wpb_column vc_column_container\">\r\n\t\t\t\t\t\t<div class=\"vertical-align\">\r\n\t\t\t\t\t\t\t<div class=\"vertical-align-cell\">\r\n\t\t\t\t\t\t\t\t<a title=\"CONTACTANOS\" href=\"http:\/\/dabamotor.es\/index.php\/contact-style-2\/\" class=\"more\"><span>CONTACTANOS<\/span><\/a>\r\n\t\t\t\t\t\t\t<\/div>\r\n\t\t\t\t\t\t<\/div>\r\n\t\t\t\t\t<\/div><\/div>\r\n\t\t\t<\/div>[\/vc_column][\/vc_row][vc_row top_margin=\u00bbpage-margin-top-section\u00bb][vc_column]<h2 class=\" box-header\">\u00bfPORQU\u00c9 ESCOGERNOS?<\/h2>[vc_column_text el_class=\u00bbdescription align-center\u00bb]SERVICIO PROFESIONAL, COMPLETO Y PERSONALIZADO, CON M\u00c1S 23 A\u00d1OS DE EXPERIENCIA EN EL SECTOR. REALIZAMOS CUALQUIER TIPO DE REPARACI\u00d3N QUE NECESITE SU COCHE PARA ALARGAR SU VIDA \u00daTIL. INNOVACI\u00d3N, TECNOLOG\u00cdA Y LA MEJOR SOLUCI\u00d3N PERSONALIZADA PARA CADA CLIENTE.[\/vc_column_text][vc_row_inner top_margin=\u00bbpage-margin-top\u00bb][vc_column_inner width=\u00bb1\/3&#8243;]<div class=\"feature-item feature-item-big\"><div class=\"hexagon\"><div class=\"sl-small-person\"><\/div><\/div><h4 class=\"box-header\">CADA TRABAJO ES PERSONAL<\/h4><p><\/p>\n<p style=\"text-align: center;\">Si desea la calidad que esperar\u00eda en un concesionario, pero con un trato personalizado y m\u00e1s amigable a encontrado su taller.<\/p>\n<p><\/p><\/div>[\/vc_column_inner][vc_column_inner width=\u00bb1\/3&#8243;]<div class=\"feature-item feature-item-big\"><div class=\"hexagon\"><div class=\"sl-small-wrench-screwdriver\"><\/div><\/div><h4 class=\"box-header\">PRIMERAS MARCAS<\/h4><p><\/p>\n<p style=\"text-align: center;\">Hem<span lang=\"es\">os invertido en las \u00faltimas tecnolog\u00edas para la diagnosis y reparaci\u00f3n, espec\u00edficamente dise\u00f1ados para el software de su veh\u00edculo.<\/span><\/p>\n<p><\/p><\/div>[\/vc_column_inner][vc_column_inner width=\u00bb1\/3&#8243;]<div class=\"feature-item feature-item-big\"><div class=\"hexagon\"><div class=\"sl-small-car-key\"><\/div><\/div><h4 class=\"box-header\">PROFESIONALES<\/h4><p><\/p>\n<p style=\"text-align: center;\">Eurotaller,\u00a0 MultiMarca, garant\u00eda Nacional Eurotaller. Solo hacemos el trabajo necesario para solucionar su problema, siempre con el \u00abok\u00bb de nuestro cliente.<\/p>\n<p>&nbsp;<\/p>\n<p style=\"text-align: center;\"><img loading=\"lazy\" class=\"alignnone size-medium wp-image-1777\" src=\"http:\/\/dabamotor.es\/wp-content\/uploads\/2020\/06\/LOGO-eurotaller-y-gn-300x86.png\" alt=\"EUROTALLER CUADRADO\" width=\"300\" height=\"86\" srcset=\"https:\/\/dabamotor.es\/wp-content\/uploads\/2020\/06\/LOGO-eurotaller-y-gn-300x86.png 300w, https:\/\/dabamotor.es\/wp-content\/uploads\/2020\/06\/LOGO-eurotaller-y-gn-768x221.png 768w, https:\/\/dabamotor.es\/wp-content\/uploads\/2020\/06\/LOGO-eurotaller-y-gn.png 818w\" sizes=\"(max-width: 300px) 100vw, 300px\" \/><\/p>\n<p><\/p><\/div>[\/vc_column_inner][\/vc_row_inner][\/vc_column][\/vc_row][vc_row el_class=\u00bbalign-center margin-top-67 padding-bottom-20&#8243;][vc_column]<a class=\"more\" href=\"http:\/\/dabamotor.es\/index.php\/about\/\" title=\"LEER MAS\"><span>LEER MAS<\/span><\/a>[\/vc_column][\/vc_row][vc_row type=\u00bbfull-width\u00bb top_margin=\u00bbpage-margin-top-section\u00bb el_class=\u00bbflex-box\u00bb css=\u00bb.vc_custom_1441196365110{background-color: #f5f5f5 !important;}\u00bb][vc_column width=\u00bb1\/2&#8243; css=\u00bb.vc_custom_1441196358309{background-image: url(http:\/\/quanticalabs.com\/wptest\/carservice\/files\/2015\/05\/image_01.jpg?id=917) !important;}\u00bb][vc_single_image image=\u00bb917&#8243; img_size=\u00bblarge-thumb\u00bb el_class=\u00bbflex-hide\u00bb][\/vc_column][vc_column width=\u00bb1\/2&#8243; el_class=\u00bbpadding-left-right-100 padding-bottom-66&#8243;]<h2 class=\" box-header page-margin-top-section\">EUROTALLER MULTIMARCA<\/h2>[vc_column_text el_class=\u00bbdescription align-center\u00bb]Ofrecemos un servicio de mantenimiento de primer nivel para todo tipo de veh\u00edculos y marcas:<\/p>\n<pre id=\"tw-target-text\" class=\"tw-data-text tw-text-large XcVN5d tw-ta\" dir=\"ltr\" data-placeholder=\"Traducci\u00f3n\"><\/pre>\n<p>[\/vc_column_text][vc_row_inner css=\u00bb.vc_custom_1439977887316{margin-top: 30px !important;}\u00bb][vc_column_inner width=\u00bb1\/3&#8243;]<ul class=\"list\"><li class=\"template-bullet \"><span>Toyota<\/span><\/li><li class=\"template-bullet \"><span>Land Rover<\/span><\/li><li class=\"template-bullet \"><span>Lexus<\/span><\/li><li class=\"template-bullet \"><span>Peugeot<\/span><\/li><li class=\"template-bullet \"><span>Mazda<\/span><\/li><li class=\"template-bullet \"><span>Fiat<\/span><\/li><\/ul>[\/vc_column_inner][vc_column_inner width=\u00bb1\/3&#8243;]<ul class=\"list\"><li class=\"template-bullet \"><span>Mercedes &#8211; Benz<\/span><\/li><li class=\"template-bullet \"><span>Audi<\/span><\/li><li class=\"template-bullet \"><span>Mitsubishi<\/span><\/li><li class=\"template-bullet \"><span>Nissan<\/span><\/li><li class=\"template-bullet \"><span>Renault<\/span><\/li><li class=\"template-bullet \"><span>Volkswagen<\/span><\/li><\/ul>[\/vc_column_inner][vc_column_inner width=\u00bb1\/3&#8243;]<ul class=\"list\"><li class=\"template-bullet \"><span>Abart<\/span><\/li><li class=\"template-bullet \" style=\"color:CCCCCC;\"><span style=\"color: CCCCCC;\">Porsche<\/span><\/li><li class=\"template-bullet \"><span>Rover<\/span><\/li><li class=\"template-bullet \"><span>Saab<\/span><\/li><li class=\"template-bullet \"><span>BMW<\/span><\/li><li class=\"template-bullet \"><span>Seat<\/span><\/li><\/ul>[\/vc_column_inner][\/vc_row_inner][\/vc_column][\/vc_row][vc_row top_margin=\u00bbpage-margin-top-section\u00bb][vc_column]<h2 class=\" box-header\">NUESTROS SERVICIOS<\/h2>[vc_column_text el_class=\u00bbdescription align-center\u00bb]Nuestra principal actividad es la reparaci\u00f3n y mantenimiento de todo tipo de veh\u00edculos.[\/vc_column_text]<ul class=\"services-list clearfix page-margin-top\"><li class=\"vc_row wpb_row vc_row-fluid\"><ul><li><a href=\"https:\/\/dabamotor.es\/index.php\/services\/lube-oil-and-filters\/\" title=\"AUTOM\u00c1TICOS-MANUALES\"><img width=\"390\" height=\"260\" src=\"https:\/\/dabamotor.es\/wp-content\/uploads\/2015\/05\/image_02-390x260.jpg\" class=\"attachment-medium-thumb size-medium-thumb wp-post-image\" alt=\"AUTOM\u00c1TICOS-MANUALES\" loading=\"lazy\" title=\"\" srcset=\"https:\/\/dabamotor.es\/wp-content\/uploads\/2015\/05\/image_02-390x260.jpg 390w, https:\/\/dabamotor.es\/wp-content\/uploads\/2015\/05\/image_02-300x200.jpg 300w, https:\/\/dabamotor.es\/wp-content\/uploads\/2015\/05\/image_02-768x512.jpg 768w, https:\/\/dabamotor.es\/wp-content\/uploads\/2015\/05\/image_02-570x380.jpg 570w, https:\/\/dabamotor.es\/wp-content\/uploads\/2015\/05\/image_02-480x320.jpg 480w, https:\/\/dabamotor.es\/wp-content\/uploads\/2015\/05\/image_02-270x180.jpg 270w, https:\/\/dabamotor.es\/wp-content\/uploads\/2015\/05\/image_02.jpg 870w\" sizes=\"(max-width: 390px) 100vw, 390px\" \/><\/a><h4 class=\"box-header\"><a href=\"https:\/\/dabamotor.es\/index.php\/services\/lube-oil-and-filters\/\" title=\"AUTOM\u00c1TICOS-MANUALES\">AUTOM\u00c1TICOS-MANUALES<\/a><\/h4><\/li><li><a href=\"https:\/\/dabamotor.es\/index.php\/services\/belts-and-hoses\/\" title=\"CARROCER\u00cdA &#8211; PINTURA\"><img width=\"390\" height=\"260\" src=\"https:\/\/dabamotor.es\/wp-content\/uploads\/2015\/05\/quienes-390x260.jpg\" class=\"attachment-medium-thumb size-medium-thumb wp-post-image\" alt=\"CARROCER\u00cdA &#8211; PINTURA\" loading=\"lazy\" title=\"\" srcset=\"https:\/\/dabamotor.es\/wp-content\/uploads\/2015\/05\/quienes-390x260.jpg 390w, https:\/\/dabamotor.es\/wp-content\/uploads\/2015\/05\/quienes-300x200.jpg 300w, https:\/\/dabamotor.es\/wp-content\/uploads\/2015\/05\/quienes-570x380.jpg 570w, https:\/\/dabamotor.es\/wp-content\/uploads\/2015\/05\/quienes-480x320.jpg 480w, https:\/\/dabamotor.es\/wp-content\/uploads\/2015\/05\/quienes-270x180.jpg 270w, https:\/\/dabamotor.es\/wp-content\/uploads\/2015\/05\/quienes.jpg 600w\" sizes=\"(max-width: 390px) 100vw, 390px\" \/><\/a><h4 class=\"box-header\"><a href=\"https:\/\/dabamotor.es\/index.php\/services\/belts-and-hoses\/\" title=\"CARROCER\u00cdA &#8211; PINTURA\">CARROCER\u00cdA &#8211; PINTURA<\/a><\/h4><\/li><li><a href=\"https:\/\/dabamotor.es\/index.php\/services\/air-conditioning\/\" title=\"AIRE ACONDICIONADO\"><img width=\"390\" height=\"260\" src=\"https:\/\/dabamotor.es\/wp-content\/uploads\/2015\/05\/image_04-390x260.jpg\" class=\"attachment-medium-thumb size-medium-thumb wp-post-image\" alt=\"AIRE ACONDICIONADO\" loading=\"lazy\" title=\"\" srcset=\"https:\/\/dabamotor.es\/wp-content\/uploads\/2015\/05\/image_04-390x260.jpg 390w, https:\/\/dabamotor.es\/wp-content\/uploads\/2015\/05\/image_04-300x200.jpg 300w, https:\/\/dabamotor.es\/wp-content\/uploads\/2015\/05\/image_04-768x512.jpg 768w, https:\/\/dabamotor.es\/wp-content\/uploads\/2015\/05\/image_04-570x380.jpg 570w, https:\/\/dabamotor.es\/wp-content\/uploads\/2015\/05\/image_04-480x320.jpg 480w, https:\/\/dabamotor.es\/wp-content\/uploads\/2015\/05\/image_04-270x180.jpg 270w, https:\/\/dabamotor.es\/wp-content\/uploads\/2015\/05\/image_04.jpg 870w\" sizes=\"(max-width: 390px) 100vw, 390px\" \/><\/a><h4 class=\"box-header\"><a href=\"https:\/\/dabamotor.es\/index.php\/services\/air-conditioning\/\" title=\"AIRE ACONDICIONADO\">AIRE ACONDICIONADO<\/a><\/h4><\/li><\/ul><\/li><\/ul>[\/vc_column][\/vc_row][vc_row type=\u00bbfull-width\u00bb el_class=\u00bbalign-center margin-top-40 padding-bottom-87&#8243;][vc_column]<a class=\"more\" href=\"http:\/\/dabamotor.es\/index.php\/services\/\" title=\"TODOS LOS SERVICIOS\"><span>TODOS LOS SERVICIOS<\/span><\/a>[\/vc_column][\/vc_row][vc_row type=\u00bbfull-width cs-parallax\u00bb css=\u00bb.vc_custom_1441108258312{background-image: url(http:\/\/quanticalabs.com\/wptest\/carservice\/files\/2015\/05\/image_012.jpg?id=928) !important;}\u00bb el_class=\u00bbpadding-top-70 padding-bottom-66&#8243;][vc_column][vc_row_inner][vc_column_inner]<div class=\"testimonials-container type-big\"><a href=\"#\" class=\"slider-control left template-arrow-left-1\"><\/a><ul class=\"testimonials-list autoplay-0 pause_on_hover-1 scroll-1 effect-scroll easing-easeInOutQuint duration-500\"><li>\r\n\t\t\t\t\t<div class=\"hexagon small\"><div class=\"sl-small-pen\"><\/div><\/div>\r\n\t\t\t\t\t<p>\"Es nuestro taller de confianza familiar, durante los \u00faltimos a\u00f1os, y sin excepci\u00f3n, las experiencias han sido sobresalientes. Recomiendo este taller, ofrece un gran servicio, un valor honesto, el personal realmente excelente\"<\/p>\r\n\t\t\t\t\t\r\n\t\t\t\t\t<div class=\"author-details-box\">\r\n\t\t\t\t\t<h6>NATI ORTEGA<\/h6>\r\n\t\t\t\t\t\r\n\t\t\t\t\t<\/div>\r\n\t\t\t\t<\/li><li>\r\n\t\t\t\t\t<div class=\"hexagon small\"><div class=\"sl-small-pen\"><\/div><\/div>\r\n\t\t\t\t\t<p>\"Servicio correcto, buen asesoramiento y atenci\u00f3n, sin duda volveremos a llevar nuestro veh\u00edculo \"<\/p>\r\n\t\t\t\t\t\r\n\t\t\t\t\t<div class=\"author-details-box\">\r\n\t\t\t\t\t<h6>THOMAS P\u00c9REZ<\/h6>\r\n\t\t\t\t\t\r\n\t\t\t\t\t<\/div>\r\n\t\t\t\t<\/li><li>\r\n\t\t\t\t\t<div class=\"hexagon small\"><div class=\"sl-small-pen\"><\/div><\/div>\r\n\t\t\t\t\t<p>\"Servicio r\u00e1pido, profesional. El personal muy cualificado\"<\/p>\r\n\t\t\t\t\t\r\n\t\t\t\t\t<div class=\"author-details-box\">\r\n\t\t\t\t\t<h6>PEDRO GARC\u00cdA<\/h6>\r\n\t\t\t\t\t\r\n\t\t\t\t\t<\/div>\r\n\t\t\t\t<\/li><\/ul><a href=\"#\" class=\"slider-control right template-arrow-left-1\"><\/a><\/div>[\/vc_column_inner][\/vc_row_inner][\/vc_column][\/vc_row][vc_row top_margin=\u00bbpage-margin-top-section\u00bb][vc_column]<h2 class=\" box-header\">SERVICIOS GENERALES<\/h2>[vc_column_text el_class=\u00bbdescription align-center\u00bb]Te ayudamos en cualquier reparaci\u00f3n o mantenimiento para su veh\u00edculo.[\/vc_column_text][vc_row_inner top_margin=\u00bbpage-margin-top-section\u00bb][vc_column_inner width=\u00bb1\/3&#8243;]<div class=\"feature-item\"><h5>CAR AUDIO SERVICE<\/h5><div class=\"icon sl-small-car-audio\"><\/div><p><\/p>\n<p style=\"text-align: left;\">Todo tipo de sistemas de audio personalizado, pantallas multimedia, navegadores, detectores radar, etc.<\/p>\n<p><\/p><\/div><div class=\"feature-item\"><h5>AIRE ACONDICIONADO<\/h5><div class=\"icon sl-small-air-conditioning\"><\/div><p><\/p>\n<p style=\"text-align: left;\">Cargas de Aire Acondicionado y reparaci\u00f3n.<\/p>\n<p><\/p><\/div>[\/vc_column_inner][vc_column_inner width=\u00bb1\/3&#8243;]<div class=\"feature-item\"><h5>MANTENIMIENTO \/ CAMBIO DE ACEITE<\/h5><div class=\"icon sl-small-car-oil\"><\/div><p><\/p>\n<p style=\"text-align: left;\">Para el buen funcionamiento y cuidado de su coche, es imprescindible tener todas las revisiones al d\u00eda. Ahorrar\u00e1s cualquier tipo de aver\u00eda.<\/p>\n<p><\/p><\/div><div class=\"feature-item\"><h5>SENSORES DE ESTACIONAMIENTO<\/h5><div class=\"icon sl-small-parking-sensor\"><\/div><p><\/p>\n<p style=\"text-align: left;\">Si t\u00fa coche no tiene sensores de aparcamiento, te asesoramos del mejor kit y te lo montamos.<\/p>\n<p><\/p><\/div>[\/vc_column_inner][vc_column_inner width=\u00bb1\/3&#8243;]<div class=\"feature-item\"><h5>DIAGNOSIS - ELECTRICIDAD<\/h5><div class=\"icon sl-small-signal-warning\"><\/div><p><\/p>\n<p style=\"text-align: left;\">Reparaci\u00f3n de unidades de mando, cuadros, centralitas electr\u00f3nicas, unidades de ABS, BSI, inmovilizadores, direcciones el\u00e9ctricas, etc.<\/p>\n<p><\/p><\/div><div class=\"feature-item\"><h5>\u00bfPORQU\u00c9 CAMBIAR LA BATER\u00cdA DE TU COCHE?<\/h5><div class=\"icon sl-small-car-battery\"><\/div><p><\/p>\n<p style=\"text-align: left;\">Una bater\u00eda gastada dificulta el arranque del veh\u00edculo, llegando a provocar una aver\u00eda que imposibilite todo el encendido del mismo. La bater\u00eda es un elemento sensible a los cambios de temperatura, cuando una bater\u00eda est\u00e1 gastada no resiste temperaturas elevadas ni bajas.<\/p>\n<p><\/p><\/div>[\/vc_column_inner][\/vc_row_inner][\/vc_column][\/vc_row][vc_row top_margin=\u00bbpage-margin-top\u00bb][vc_column width=\u00bb1\/2&#8243;]<h3 class=\" box-header\">NUESTRA PRIORIDAD<\/h3>[vc_column_text el_class=\u00bbdescription\u00bb]Ofrecer el mejor servicio, profesional, completo y personalizado. Buscar la mejor soluci\u00f3n para cada uno de nuestro clientes es nuestra prioridad. Cada cliente necesita y requiere una soluci\u00f3n diferente, nuestro equipo trabaja cada d\u00eda para conseguir esta soluci\u00f3n, de forma r\u00e1pida y con la mayor calidad.[\/vc_column_text][vc_row_inner top_margin=\u00bbpage-margin-top\u00bb][vc_column_inner]<a class=\"more\" href=\"http:\/\/dabamotor.es\/index.php\/promociones\/\" title=\"PROMOCIONES\"><span>PROMOCIONES<\/span><\/a>[\/vc_column_inner][\/vc_row_inner][\/vc_column][vc_column width=\u00bb1\/2&#8243;]<h3 class=\" box-header\">PREGUNTAS HABITUALES<\/h3>[vc_accordion el_class=\u00bbmargin-top-40&#8243;][vc_accordion_tab title=\u00bbANTES DE SALIR DE VIAJE, MUY IMPORTANTE REVISAR ESTOS PUNTOS:\u00bb tab_id=\u00bbusing-synthetic\u00bb][vc_column_text]Antes de salir de viaje debes revisar unos elementos necesarios de t\u00fa veh\u00edculo, ac\u00e9rcate a t\u00fa taller, si no pudieras es importante que mires de revisar estos puntos, t\u00fa seguridad y la de t\u00fa familia es la principal prioridad.<\/p>\n<ol>\n<li><strong>Nivel de aceite:<\/strong> Comprobar los niveles es muy importante, aunque tambi\u00e9n su calidad. El nivel correcto se encuentra entre las marcas M\u00cdN y M\u00c1X. Recuerda comprobarlo con el motor fr\u00edo.<\/li>\n<li><strong>Anticongelante: <\/strong>El nivel de anticongelante es importante para que la refrigeraci\u00f3n del motor se realice correctamente.<\/li>\n<li><strong>Luces:<\/strong> No basta con comprobar que funcionan todas las luces, adem\u00e1s debemos asegurarnos de que est\u00e1n bien reguladas. De este modo evitaremos zonas sin visibilidad o deslumbrar a otros conductores.<\/li>\n<li><strong>Limpiaparabrisas:<\/strong> Asegurarnos de que tenemos suficiente l\u00edquido en el dep\u00f3sito y el buen estado de las escobillas nos evitar\u00e1n problemas de visibilidad en caso de salpicaduras de suciedad en el parabrisas, lluvia, etc.<\/li>\n<li><strong>L\u00edquido de frenos:<\/strong> Aunque parece complicado, para comprobar su nivel basta con pisar a fondo el pedal de freno y ver si baja el nivel del vaso de expansi\u00f3n.<\/li>\n<li><strong>Neum\u00e1ticos:<\/strong> Importante comprobar su desgaste, presi\u00f3n y equilibrado. No aseguraremos de que el dibujo no est\u00e9 gastado. No debemos notar vibraciones en el volante ni ruidos extra\u00f1os. Si olvidarnos de repasar la rueda de repuesto.<\/li>\n<li><strong>Elementos auxiliares:<\/strong> Aseg\u00farate de disponer de todo el material obligatorio y de su buen estado: rueda de repuesto, chaleco reflectante, gato, llave y tri\u00e1ngulos de emergencia.<\/li>\n<\/ol>\n<p>[\/vc_column_text][\/vc_accordion_tab][vc_accordion_tab title=\u00bbACEITE DEL MOTOR\u00bb tab_id=\u00bbparts-replacements\u00bb][vc_column_text]<\/p>\n<div class=\"article-content\">\n<p>Hemos de seguir las indicaciones del fabricante para los cambios de aceite, esto alargar\u00e1 la vida del motor de t\u00fa veh\u00edculo. Generalmente para aceites minerales, no se aconseja superar los 5.000 km, Para los semisint\u00e9ticos 10.000 km y 15.000 km para los sint\u00e9ticos. Circular con un aceite sint\u00e9tico en mal estado puede provocar un severo desgaste del motor que pueden provocar aver\u00edas muy graves incluso acabar con la vida del motor.<\/p>\n<p>Es muy recomendable:<\/p>\n<ul>\n<li>Controlar el nivel y estado de aceite mediante la varilla indicadora.<\/li>\n<li>Respetar los plazos y los kilometrajes recomendados por el fabricante.<\/li>\n<li>Nunca mezclar distintos aceites de coche.<\/li>\n<li>Utilizar siempre aceites de calidad.<\/li>\n<li>Cambiar el filtro cada vez que\u00a0se cambie el aceite.<\/li>\n<\/ul>\n<p>Las principales funciones del aceite son:<\/p>\n<p><strong>LUBRICACI\u00d3N:<\/strong>\u00a0La funci\u00f3n de aceite lubricante es formar una capa entre las piezas del motor, reduciendo su desgaste y garantizando un buen mantenimiento del veh\u00edculo.<\/p>\n<p><strong>LIMPIEZA:<\/strong>\u00a0Adem\u00e1s otra funci\u00f3n importante es la de arrastrar impurezas hacia el filtro y limpiar el motor.<\/p>\n<p><strong>ENFRIAMIENTO:<\/strong> Al lubricar segmentos, pistones, cilindros, cig\u00fce\u00f1al, etc., ayuda a conservar la temperatura de trabajo \u00f3ptima.<\/p>\n<p><strong>AISLAMIENTO<\/strong> de la humedad, previene la corrosi\u00f3n y la formaci\u00f3n de sedimentos.<\/p>\n<\/div>\n<p>[\/vc_column_text][\/vc_accordion_tab][vc_accordion_tab title=\u00bbAMORTIGUADORES EN BUEN ESTADO, PUNTO CLAVE PARA EL VEH\u00cdCULO\u00bb tab_id=\u00bbtrack-routine\u00bb][vc_column_text]Los amortiguadores son esenciales para el confort durante la conducci\u00f3n, <span class=\"googie_link\">adem\u00e1s<\/span> de representar uno de los puntos b\u00e1sicos para la seguridad. La funci\u00f3n de los amortiguadores en buen estado es ayudar al manejo del veh\u00edculo a elevadas velocidades y en casos de alto riesgo.Se le considera uno de los puntos tres puntos con m\u00e1s seguridad para el veh\u00edculo.\u00a0 Se le es llamado junto a otros tres componentes igual de esenciales, el <span class=\"googie_link\">\u201ctri\u00e1ngulo<\/span>\u00a0de la\u00a0<span class=\"googie_link\">seguridad\u201d<\/span>, que lo conforman el amortiguador, los frenos y los neum\u00e1ticos.<\/p>\n<p>Para que realice su funci\u00f3n correctamente, nos tenemos que asesorar de varios puntos: el tipo y pesadez de la carga que se lleva, el estado de la carretera y factores como la humedad, el fr\u00edo y el calor, que pueden llegar a erosionar la efectividad del amortiguador hasta que la funci\u00f3n de este disminuya en tal cantidad que pueda significar un riesgo para el veh\u00edculo, el conductor y la seguridad vial.<\/p>\n<p>Le aconsejamos que revise sus amortiguadores cada unos 20.000 kil\u00f3metros. Somos expertos en mec\u00e1nica y mantenimiento y estese seguro que sus amortiguadores quedaran a la perfecci\u00f3n para su seguridad y la de los suyos.[\/vc_column_text][\/vc_accordion_tab][\/vc_accordion][\/vc_column][\/vc_row][vc_row type=\u00bbfull-width\u00bb top_margin=\u00bbpage-margin-top-section\u00bb el_class=\u00bbpadding-bottom-50 top-border\u00bb][vc_column][vc_row_inner][vc_column_inner][vc_column_text]CON LA GARANT\u00cdA DE LOS MEJORES FABRICANTES DE RECAMBIOS[\/vc_column_text]<div class=\"our-clients-list-container page-margin-top-section type-carousel\">\r\n\t\t\t\t\t<ul class=\"our-clients-list autoplay-1 type-carousel\"><li><img width=\"268\" height=\"188\" src=\"https:\/\/dabamotor.es\/wp-content\/uploads\/2020\/06\/DELPHI-1.png\" class=\"attachment-full size-full\" alt=\"\" loading=\"lazy\" \/><\/li><li><img width=\"268\" height=\"188\" src=\"https:\/\/dabamotor.es\/wp-content\/uploads\/2020\/06\/DENSO-1.png\" class=\"attachment-full size-full\" alt=\"\" loading=\"lazy\" \/><\/li><li><img width=\"268\" height=\"188\" src=\"https:\/\/dabamotor.es\/wp-content\/uploads\/2020\/06\/EXIDE-1.png\" class=\"attachment-full size-full\" alt=\"\" loading=\"lazy\" \/><\/li><li><img width=\"268\" height=\"188\" src=\"https:\/\/dabamotor.es\/wp-content\/uploads\/2020\/06\/KYB-1.png\" class=\"attachment-full size-full\" alt=\"\" loading=\"lazy\" \/><\/li><li><img width=\"268\" height=\"188\" src=\"https:\/\/dabamotor.es\/wp-content\/uploads\/2020\/06\/MAN-1.png\" class=\"attachment-full size-full\" alt=\"\" loading=\"lazy\" \/><\/li><li><img width=\"268\" height=\"188\" src=\"https:\/\/dabamotor.es\/wp-content\/uploads\/2020\/06\/PHILIPS-1.png\" class=\"attachment-full size-full\" alt=\"\" loading=\"lazy\" \/><\/li><li><img width=\"268\" height=\"188\" src=\"https:\/\/dabamotor.es\/wp-content\/uploads\/2020\/06\/SACHS-1.png\" class=\"attachment-full size-full\" alt=\"\" loading=\"lazy\" \/><\/li><li><img width=\"268\" height=\"188\" src=\"https:\/\/dabamotor.es\/wp-content\/uploads\/2020\/06\/SHAFER-1.png\" class=\"attachment-full size-full\" alt=\"\" loading=\"lazy\" \/><\/li><li><img width=\"268\" height=\"188\" src=\"https:\/\/dabamotor.es\/wp-content\/uploads\/2020\/06\/SHELL-1.png\" class=\"attachment-full size-full\" alt=\"\" loading=\"lazy\" \/><\/li><li><img width=\"268\" height=\"188\" src=\"https:\/\/dabamotor.es\/wp-content\/uploads\/2020\/06\/SKF-1.png\" class=\"attachment-full size-full\" alt=\"\" loading=\"lazy\" \/><\/li><li><img width=\"268\" height=\"188\" src=\"https:\/\/dabamotor.es\/wp-content\/uploads\/2020\/06\/TRW-1.png\" class=\"attachment-full size-full\" alt=\"\" loading=\"lazy\" \/><\/li><li><img width=\"268\" height=\"188\" src=\"https:\/\/dabamotor.es\/wp-content\/uploads\/2020\/06\/VALEO-1.png\" class=\"attachment-full size-full\" alt=\"\" loading=\"lazy\" \/><\/li><li><img width=\"268\" height=\"188\" src=\"https:\/\/dabamotor.es\/wp-content\/uploads\/2020\/06\/BOSCH-1.png\" class=\"attachment-full size-full\" alt=\"\" loading=\"lazy\" \/><\/li><\/ul><div class=\"cs-carousel-pagination\"><\/div><\/div>[\/vc_column_inner][\/vc_row_inner][\/vc_column][\/vc_row]<\/p>\n","protected":false},"excerpt":{"rendered":"<p>[vc_row type=\u00bbfull-width\u00bb][vc_column][rev_slider_vc alias=\u00bbmain\u00bb][\/vc_column][\/vc_row][vc_row type=\u00bbfull-width\u00bb css=\u00bb.vc_custom_1439892689981{background-color: #f5f5f5 !important;}\u00bb][vc_column][\/vc_column][\/vc_row][vc_row top_margin=\u00bbpage-margin-top-section\u00bb][vc_column][vc_column_text el_class=\u00bbdescription align-center\u00bb]SERVICIO PROFESIONAL, COMPLETO Y PERSONALIZADO, CON M\u00c1S 23 A\u00d1OS DE EXPERIENCIA EN EL SECTOR. REALIZAMOS CUALQUIER TIPO DE REPARACI\u00d3N QUE NECESITE SU COCHE PARA ALARGAR SU VIDA \u00daTIL. INNOVACI\u00d3N, TECNOLOG\u00cdA Y LA MEJOR SOLUCI\u00d3N PERSONALIZADA PARA CADA CLIENTE.[\/vc_column_text][vc_row_inner top_margin=\u00bbpage-margin-top\u00bb][vc_column_inner width=\u00bb1\/3&#8243;][\/vc_column_inner][vc_column_inner width=\u00bb1\/3&#8243;][\/vc_column_inner][vc_column_inner width=\u00bb1\/3&#8243;][\/vc_column_inner][\/vc_row_inner][\/vc_column][\/vc_row][vc_row el_class=\u00bbalign-center margin-top-67 padding-bottom-20&#8243;][vc_column][\/vc_column][\/vc_row][vc_row type=\u00bbfull-width\u00bb<\/p>\n","protected":false},"author":1,"featured_media":0,"parent":0,"menu_order":0,"comment_status":"open","ping_status":"open","template":"template-default-without-breadcrumbs.php","meta":[],"_links":{"self":[{"href":"https:\/\/dabamotor.es\/index.php\/wp-json\/wp\/v2\/pages\/4"}],"collection":[{"href":"https:\/\/dabamotor.es\/index.php\/wp-json\/wp\/v2\/pages"}],"about":[{"href":"https:\/\/dabamotor.es\/index.php\/wp-json\/wp\/v2\/types\/page"}],"author":[{"embeddable":true,"href":"https:\/\/dabamotor.es\/index.php\/wp-json\/wp\/v2\/users\/1"}],"replies":[{"embeddable":true,"href":"https:\/\/dabamotor.es\/index.php\/wp-json\/wp\/v2\/comments?post=4"}],"version-history":[{"count":68,"href":"https:\/\/dabamotor.es\/index.php\/wp-json\/wp\/v2\/pages\/4\/revisions"}],"predecessor-version":[{"id":2240,"href":"https:\/\/dabamotor.es\/index.php\/wp-json\/wp\/v2\/pages\/4\/revisions\/2240"}],"wp:attachment":[{"href":"https:\/\/dabamotor.es\/index.php\/wp-json\/wp\/v2\/media?parent=4"}],"curies":[{"name":"wp","href":"https:\/\/api.w.org\/{rel}","templated":true}]}}